{"id":456,"date":"2026-03-13T13:49:50","date_gmt":"2026-03-13T11:49:50","guid":{"rendered":"https:\/\/www.eestikillustik.ee\/ek\/?post_type=product&#038;p=456"},"modified":"2026-04-05T16:42:32","modified_gmt":"2026-04-05T13:42:32","slug":"potsepa-purustatud-kruus-0-32","status":"publish","type":"product","link":"https:\/\/www.eestikillustik.ee\/ek\/toode\/potsepa-purustatud-kruus-0-32\/","title":{"rendered":"Potsepa &#8211; Purustatud kruus fr 0\/32"},"content":{"rendered":"","protected":false},"excerpt":{"rendered":"[product_short_desc]\n","protected":false},"featured_media":150,"template":"","meta":{"_acf_changed":false},"product_brand":[],"product_cat":[31],"product_tag":[],"class_list":{"0":"post-456","1":"product","2":"type-product","3":"status-publish","4":"has-post-thumbnail","6":"product_cat-potsepa-liivakarjaar","7":"description-off","9":"first","10":"instock","11":"taxable","12":"shipping-taxable","13":"purchasable","14":"product-type-simple"},"acf":[],"yoast_head":"<!-- This site is optimized with the Yoast SEO plugin v27.1.1 - https:\/\/yoast.com\/product\/yoast-seo-wordpress\/ -->\n<title>Potsepa - Purustatud kruus fr 0\/32 - Eesti Killustik O\u00dc karj\u00e4\u00e4rid<\/title>\n<meta name=\"robots\" content=\"index, follow, max-snippet:-1, max-image-preview:large, max-video-preview:-1\" \/>\n<link rel=\"canonical\" href=\"https:\/\/www.eestikillustik.ee\/ek\/toode\/potsepa-purustatud-kruus-0-32\/\" \/>\n<meta property=\"og:locale\" content=\"et_EE\" \/>\n<meta property=\"og:type\" content=\"article\" \/>\n<meta property=\"og:title\" content=\"Potsepa - Purustatud kruus fr 0\/32 - Eesti Killustik O\u00dc karj\u00e4\u00e4rid\" \/>\n<meta property=\"og:url\" content=\"https:\/\/www.eestikillustik.ee\/ek\/toode\/potsepa-purustatud-kruus-0-32\/\" \/>\n<meta property=\"og:site_name\" content=\"Eesti Killustik O\u00dc karj\u00e4\u00e4rid\" \/>\n<meta property=\"article:modified_time\" content=\"2026-04-05T13:42:32+00:00\" \/>\n<meta property=\"og:image\" content=\"https:\/\/www.eestikillustik.ee\/ek\/wp-content\/uploads\/sites\/2\/2024\/09\/Eesti-Killustik-purustatud-kruus-fr0_32-scaled-1.jpg\" \/>\n\t<meta property=\"og:image:width\" content=\"2560\" \/>\n\t<meta property=\"og:image:height\" content=\"1707\" \/>\n\t<meta property=\"og:image:type\" content=\"image\/jpeg\" \/>\n<meta name=\"twitter:card\" content=\"summary_large_image\" \/>\n<meta name=\"twitter:description\" content=\"[product_short_desc]\" \/>\n<meta name=\"twitter:label1\" content=\"Est. reading time\" \/>\n\t<meta name=\"twitter:data1\" content=\"1 minut\" \/>\n<script type=\"application\/ld+json\" class=\"yoast-schema-graph\">{\"@context\":\"https:\/\/schema.org\",\"@graph\":[{\"@type\":\"WebPage\",\"@id\":\"https:\/\/www.eestikillustik.ee\/ek\/toode\/potsepa-purustatud-kruus-0-32\/\",\"url\":\"https:\/\/www.eestikillustik.ee\/ek\/toode\/potsepa-purustatud-kruus-0-32\/\",\"name\":\"Potsepa - Purustatud kruus fr 0\/32 - Eesti Killustik O\u00dc karj\u00e4\u00e4rid\",\"isPartOf\":{\"@id\":\"https:\/\/www.eestikillustik.ee\/ek\/#website\"},\"primaryImageOfPage\":{\"@id\":\"https:\/\/www.eestikillustik.ee\/ek\/toode\/potsepa-purustatud-kruus-0-32\/#primaryimage\"},\"image\":{\"@id\":\"https:\/\/www.eestikillustik.ee\/ek\/toode\/potsepa-purustatud-kruus-0-32\/#primaryimage\"},\"thumbnailUrl\":\"https:\/\/www.eestikillustik.ee\/ek\/wp-content\/uploads\/sites\/2\/2024\/09\/Eesti-Killustik-purustatud-kruus-fr0_32-scaled-1.jpg\",\"datePublished\":\"2026-03-13T11:49:50+00:00\",\"dateModified\":\"2026-04-05T13:42:32+00:00\",\"breadcrumb\":{\"@id\":\"https:\/\/www.eestikillustik.ee\/ek\/toode\/potsepa-purustatud-kruus-0-32\/#breadcrumb\"},\"inLanguage\":\"et\",\"potentialAction\":[{\"@type\":\"ReadAction\",\"target\":[\"https:\/\/www.eestikillustik.ee\/ek\/toode\/potsepa-purustatud-kruus-0-32\/\"]}]},{\"@type\":\"ImageObject\",\"inLanguage\":\"et\",\"@id\":\"https:\/\/www.eestikillustik.ee\/ek\/toode\/potsepa-purustatud-kruus-0-32\/#primaryimage\",\"url\":\"https:\/\/www.eestikillustik.ee\/ek\/wp-content\/uploads\/sites\/2\/2024\/09\/Eesti-Killustik-purustatud-kruus-fr0_32-scaled-1.jpg\",\"contentUrl\":\"https:\/\/www.eestikillustik.ee\/ek\/wp-content\/uploads\/sites\/2\/2024\/09\/Eesti-Killustik-purustatud-kruus-fr0_32-scaled-1.jpg\",\"width\":2560,\"height\":1707},{\"@type\":\"BreadcrumbList\",\"@id\":\"https:\/\/www.eestikillustik.ee\/ek\/toode\/potsepa-purustatud-kruus-0-32\/#breadcrumb\",\"itemListElement\":[{\"@type\":\"ListItem\",\"position\":1,\"name\":\"Home\",\"item\":\"https:\/\/www.eestikillustik.ee\/ek\/\"},{\"@type\":\"ListItem\",\"position\":2,\"name\":\"Tooted\",\"item\":\"https:\/\/www.eestikillustik.ee\/ek\/\"},{\"@type\":\"ListItem\",\"position\":3,\"name\":\"Potsepa &#8211; Purustatud kruus fr 0\/32\"}]},{\"@type\":\"WebSite\",\"@id\":\"https:\/\/www.eestikillustik.ee\/ek\/#website\",\"url\":\"https:\/\/www.eestikillustik.ee\/ek\/\",\"name\":\"Eesti Killustik O\u00dc karj\u00e4\u00e4rid\",\"description\":\"\",\"publisher\":{\"@id\":\"https:\/\/www.eestikillustik.ee\/ek\/#organization\"},\"potentialAction\":[{\"@type\":\"SearchAction\",\"target\":{\"@type\":\"EntryPoint\",\"urlTemplate\":\"https:\/\/www.eestikillustik.ee\/ek\/?s={search_term_string}\"},\"query-input\":{\"@type\":\"PropertyValueSpecification\",\"valueRequired\":true,\"valueName\":\"search_term_string\"}}],\"inLanguage\":\"et\"},{\"@type\":\"Organization\",\"@id\":\"https:\/\/www.eestikillustik.ee\/ek\/#organization\",\"name\":\"Eesti Killustik O\u00dc karj\u00e4\u00e4rid\",\"url\":\"https:\/\/www.eestikillustik.ee\/ek\/\",\"logo\":{\"@type\":\"ImageObject\",\"inLanguage\":\"et\",\"@id\":\"https:\/\/www.eestikillustik.ee\/ek\/#\/schema\/logo\/image\/\",\"url\":\"https:\/\/www.eestikillustik.ee\/ek\/wp-content\/uploads\/sites\/2\/2024\/09\/ek-logo.png\",\"contentUrl\":\"https:\/\/www.eestikillustik.ee\/ek\/wp-content\/uploads\/sites\/2\/2024\/09\/ek-logo.png\",\"width\":200,\"height\":80,\"caption\":\"Eesti Killustik O\u00dc karj\u00e4\u00e4rid\"},\"image\":{\"@id\":\"https:\/\/www.eestikillustik.ee\/ek\/#\/schema\/logo\/image\/\"}}]}<\/script>\n<!-- \/ Yoast SEO plugin. -->","yoast_head_json":{"title":"Potsepa - Purustatud kruus fr 0\/32 - Eesti Killustik O\u00dc karj\u00e4\u00e4rid","robots":{"index":"index","follow":"follow","max-snippet":"max-snippet:-1","max-image-preview":"max-image-preview:large","max-video-preview":"max-video-preview:-1"},"canonical":"https:\/\/www.eestikillustik.ee\/ek\/toode\/potsepa-purustatud-kruus-0-32\/","og_locale":"et_EE","og_type":"article","og_title":"Potsepa - Purustatud kruus fr 0\/32 - Eesti Killustik O\u00dc karj\u00e4\u00e4rid","og_url":"https:\/\/www.eestikillustik.ee\/ek\/toode\/potsepa-purustatud-kruus-0-32\/","og_site_name":"Eesti Killustik O\u00dc karj\u00e4\u00e4rid","article_modified_time":"2026-04-05T13:42:32+00:00","og_image":[{"width":2560,"height":1707,"url":"https:\/\/www.eestikillustik.ee\/ek\/wp-content\/uploads\/sites\/2\/2024\/09\/Eesti-Killustik-purustatud-kruus-fr0_32-scaled-1.jpg","type":"image\/jpeg"}],"twitter_card":"summary_large_image","twitter_description":"[product_short_desc]","twitter_misc":{"Est. reading time":"1 minut"},"schema":{"@context":"https:\/\/schema.org","@graph":[{"@type":"WebPage","@id":"https:\/\/www.eestikillustik.ee\/ek\/toode\/potsepa-purustatud-kruus-0-32\/","url":"https:\/\/www.eestikillustik.ee\/ek\/toode\/potsepa-purustatud-kruus-0-32\/","name":"Potsepa - Purustatud kruus fr 0\/32 - Eesti Killustik O\u00dc karj\u00e4\u00e4rid","isPartOf":{"@id":"https:\/\/www.eestikillustik.ee\/ek\/#website"},"primaryImageOfPage":{"@id":"https:\/\/www.eestikillustik.ee\/ek\/toode\/potsepa-purustatud-kruus-0-32\/#primaryimage"},"image":{"@id":"https:\/\/www.eestikillustik.ee\/ek\/toode\/potsepa-purustatud-kruus-0-32\/#primaryimage"},"thumbnailUrl":"https:\/\/www.eestikillustik.ee\/ek\/wp-content\/uploads\/sites\/2\/2024\/09\/Eesti-Killustik-purustatud-kruus-fr0_32-scaled-1.jpg","datePublished":"2026-03-13T11:49:50+00:00","dateModified":"2026-04-05T13:42:32+00:00","breadcrumb":{"@id":"https:\/\/www.eestikillustik.ee\/ek\/toode\/potsepa-purustatud-kruus-0-32\/#breadcrumb"},"inLanguage":"et","potentialAction":[{"@type":"ReadAction","target":["https:\/\/www.eestikillustik.ee\/ek\/toode\/potsepa-purustatud-kruus-0-32\/"]}]},{"@type":"ImageObject","inLanguage":"et","@id":"https:\/\/www.eestikillustik.ee\/ek\/toode\/potsepa-purustatud-kruus-0-32\/#primaryimage","url":"https:\/\/www.eestikillustik.ee\/ek\/wp-content\/uploads\/sites\/2\/2024\/09\/Eesti-Killustik-purustatud-kruus-fr0_32-scaled-1.jpg","contentUrl":"https:\/\/www.eestikillustik.ee\/ek\/wp-content\/uploads\/sites\/2\/2024\/09\/Eesti-Killustik-purustatud-kruus-fr0_32-scaled-1.jpg","width":2560,"height":1707},{"@type":"BreadcrumbList","@id":"https:\/\/www.eestikillustik.ee\/ek\/toode\/potsepa-purustatud-kruus-0-32\/#breadcrumb","itemListElement":[{"@type":"ListItem","position":1,"name":"Home","item":"https:\/\/www.eestikillustik.ee\/ek\/"},{"@type":"ListItem","position":2,"name":"Tooted","item":"https:\/\/www.eestikillustik.ee\/ek\/"},{"@type":"ListItem","position":3,"name":"Potsepa &#8211; Purustatud kruus fr 0\/32"}]},{"@type":"WebSite","@id":"https:\/\/www.eestikillustik.ee\/ek\/#website","url":"https:\/\/www.eestikillustik.ee\/ek\/","name":"Eesti Killustik O\u00dc karj\u00e4\u00e4rid","description":"","publisher":{"@id":"https:\/\/www.eestikillustik.ee\/ek\/#organization"},"potentialAction":[{"@type":"SearchAction","target":{"@type":"EntryPoint","urlTemplate":"https:\/\/www.eestikillustik.ee\/ek\/?s={search_term_string}"},"query-input":{"@type":"PropertyValueSpecification","valueRequired":true,"valueName":"search_term_string"}}],"inLanguage":"et"},{"@type":"Organization","@id":"https:\/\/www.eestikillustik.ee\/ek\/#organization","name":"Eesti Killustik O\u00dc karj\u00e4\u00e4rid","url":"https:\/\/www.eestikillustik.ee\/ek\/","logo":{"@type":"ImageObject","inLanguage":"et","@id":"https:\/\/www.eestikillustik.ee\/ek\/#\/schema\/logo\/image\/","url":"https:\/\/www.eestikillustik.ee\/ek\/wp-content\/uploads\/sites\/2\/2024\/09\/ek-logo.png","contentUrl":"https:\/\/www.eestikillustik.ee\/ek\/wp-content\/uploads\/sites\/2\/2024\/09\/ek-logo.png","width":200,"height":80,"caption":"Eesti Killustik O\u00dc karj\u00e4\u00e4rid"},"image":{"@id":"https:\/\/www.eestikillustik.ee\/ek\/#\/schema\/logo\/image\/"}}]}},"_links":{"self":[{"href":"https:\/\/www.eestikillustik.ee\/ek\/wp-json\/wp\/v2\/product\/456","targetHints":{"allow":["GET"]}}],"collection":[{"href":"https:\/\/www.eestikillustik.ee\/ek\/wp-json\/wp\/v2\/product"}],"about":[{"href":"https:\/\/www.eestikillustik.ee\/ek\/wp-json\/wp\/v2\/types\/product"}],"wp:featuredmedia":[{"embeddable":true,"href":"https:\/\/www.eestikillustik.ee\/ek\/wp-json\/wp\/v2\/media\/150"}],"wp:attachment":[{"href":"https:\/\/www.eestikillustik.ee\/ek\/wp-json\/wp\/v2\/media?parent=456"}],"wp:term":[{"taxonomy":"product_brand","embeddable":true,"href":"https:\/\/www.eestikillustik.ee\/ek\/wp-json\/wp\/v2\/product_brand?post=456"},{"taxonomy":"product_cat","embeddable":true,"href":"https:\/\/www.eestikillustik.ee\/ek\/wp-json\/wp\/v2\/product_cat?post=456"},{"taxonomy":"product_tag","embeddable":true,"href":"https:\/\/www.eestikillustik.ee\/ek\/wp-json\/wp\/v2\/product_tag?post=456"}],"curies":[{"name":"wp","href":"https:\/\/api.w.org\/{rel}","templated":true}]}}