{"id":24,"date":"2024-09-25T10:03:30","date_gmt":"2024-09-25T10:03:30","guid":{"rendered":"https:\/\/www.eestikillustik.ee\/forek\/?page_id=24"},"modified":"2025-07-08T09:31:21","modified_gmt":"2025-07-08T06:31:21","slug":"muugitingimused","status":"publish","type":"page","link":"https:\/\/www.eestikillustik.ee\/forek\/muugitingimused\/","title":{"rendered":"M\u00fc\u00fcgitingimused"},"content":{"rendered":"<div class=\"wpb-content-wrapper\"><p>[vc_row full_width=&#8221;stretch_row&#8221; css=&#8221;.vc_custom_1581364352640{padding-top: 50px !important;padding-bottom: 20px !important;background-color: #303152 !important;}&#8221;][vc_column]<div id=\"ultimate-heading-900869e9f1d7f3226\" class=\"uvc-heading ult-adjust-bottom-margin ultimate-heading-900869e9f1d7f3226 uvc-9673 \" data-hspacer=\"no_spacer\"  data-halign=\"center\" style=\"text-align:center\"><div class=\"uvc-heading-spacer no_spacer\" style=\"top\"><\/div><div class=\"uvc-main-heading ult-responsive\"  data-ultimate-target='.uvc-heading.ultimate-heading-900869e9f1d7f3226 h1'  data-responsive-json-new='{\"font-size\":\"desktop:44px;mobile_landscape:30px;mobile:30px;\",\"line-height\":\"desktop:54px;mobile_landscape:40px;mobile:40px;\"}' ><h1 style=\"font-weight:bold;color:#ffffff;margin-bottom:30px;\">M\u00fc\u00fcgitingimused<\/h1><\/div><\/div>[\/vc_column][\/vc_row][vc_row css=&#8221;.vc_custom_1584984353297{padding-top: 70px !important;padding-bottom: 70px !important;}&#8221;][vc_column css=&#8221;.vc_custom_1584984360051{margin-bottom: 0px !important;}&#8221;][vc_column_text css=&#8221;.vc_custom_1751956279950{margin-bottom: 0px !important;}&#8221;]<\/p>\n<ol>\n<li><strong>M\u00f5isted<\/strong><br \/>\n<strong>M\u00fc\u00fcja<\/strong> &#8211; Forek O\u00dc (registrikood 14270074), asukohaga P\u00e4rnu mnt 158\/1, 11318 Tallinn. tel +372 6 448 800, e-posti aadress <a href=\"mailto:info@eestikillustik.ee\">info@eestikillustik.ee<\/a>.<br \/>\n<strong>Ostja<\/strong> \u2013 Juriidiline isik v\u00f5i v\u00e4hemalt 18 aastane f\u00fc\u00fcsiline isik, kes on enne ostu-m\u00fc\u00fcgitehingu teostamist tutvunud ja aktsepteerinud M\u00fc\u00fcja poolt s\u00e4testatud M\u00fc\u00fcgitingimusi.<br \/>\n<strong>E-pood<\/strong> \u2013 M\u00fc\u00fcja poolt hallatav digitaalne ostukeskkond <a href=\"https:\/\/www.eestikillustik.ee\/forek\" target=\"_blank\" rel=\"noopener\">www.eestikillustik.ee\/forek<\/a><br \/>\n<strong>Kaup<\/strong> \u2013 M\u00fc\u00fcja poolt E-poe vahendusel pakutavad tooted ja teenused<br \/>\n<strong>Tellimus<\/strong> \u2013 Ostja poolt E-poe vahendusel Kauba ostmiseks esitatud tellimus<br \/>\n<strong>Leping<\/strong> \u2013 K\u00e4esolevatel tingimustel Ostja ja M\u00fc\u00fcja vahel j\u00f5ustunud m\u00fc\u00fcgileping<br \/>\n<strong>Karj\u00e4\u00e4r<\/strong> \u2013 M\u00fc\u00fcja v\u00e4ljastuspunkt<\/li>\n<li><strong>Mu\u0308u\u0308gitingimuste kehtivus, kauba- ja hinnainfo<\/strong><br \/>\nMu\u0308u\u0308gitingimused kehtivad E-poest kaupade ostmisel.<br \/>\nM\u00fc\u00fcjal on \u00f5igus tingimusi \u00fchepoolselt muuta ja t\u00e4iendada, avaldades uued tingimused aadressil <a href=\"https:\/\/www.eestikillustik.ee\/forek\" target=\"_blank\" rel=\"noopener\">www.eestikillustik.ee\/forek<\/a>.<br \/>\nE-poest Kauba ostmise eelduseks on Ostja poolt m\u00fc\u00fcgitingimustega n\u00f5ustumine, mille Ostja kinnitab Tellimust vormistades.<br \/>\nE-poes mu\u0308u\u0308davate kaupade hinnad on eurodes ja sisaldavad k\u00e4ibemaksu.<br \/>\nE-poes m\u00fc\u00fcdava Kauba \u00fchikhind on antud \u00fchele tonnile (1 tk = 1 tonn)<br \/>\nKaupu on v\u00f5imalik k\u00e4tte saada ainult M\u00fc\u00fcja poolt pakutavates Karj\u00e4\u00e4rides.<br \/>\nHinnad ja muu oluline teave Kauba kohta on esitatud E-poes vahetult Kauba juures. E-poes kuvatud fotod on illustratiivsed ja kaup v\u00f5ib tegelikkuses erineda fotol kujutatust. Toote kirjeldus on \u00fcldise iseloomuga ning seal ei pruugi olla v\u00e4lja toodud k\u00f5ik omadused.<\/li>\n<li><strong>Tellimuse vormistamine<\/strong><br \/>\nOstja esitab M\u00fc\u00fcjale Tellimuse E-poe vahendusel.<br \/>\nTellimuse vormistamiseks tuleb lisada Kaubad ostukorvi, t\u00e4ita n\u00f5utud andmev\u00e4ljad ning valida Kauba k\u00e4ttesaamiseks sobiv Karj\u00e4\u00e4r. Seej\u00e4rel kuvatakse ekraanile tasu suurus, mille saab tasuda pangalingi vo\u0303i panga\u00fclekandega.<br \/>\nNB! Pangalingiga tasumisel vajutada kindlasti panga lehel nupule \u201eTagasi kaupmehe juurde\u201c.<br \/>\nOstja kontrollib enne tasumist, et Tellimuses toodud andmed vastavad Ostja tegelikule soovile.<br \/>\nMakseid pangalingiga vahendab\u00a0<a href=\"https:\/\/www.maksekeskus.ee\/\" target=\"_blank\" rel=\"noopener\">Maksekeskus AS<\/a>. Tasumine toimub va\u0308ljaspool E-poodi, vastava panga turvalises keskkonnas. Mu\u0308u\u0308jal puudub ligipa\u0308a\u0308s Ostja panga ja krediitkaardi andmetele.<br \/>\nM\u00fc\u00fcja on isikuandmete vastutav to\u0308o\u0308tleja ning edastab maksete teostamiseks vajalikud isikuandmed volitatud to\u0308o\u0308tleja Maksekeskus AS-le.<br \/>\nLeping jo\u0303ustub alates Tellimuse eest tasumisele kuuluva summa laekumisest M\u00fc\u00fcja arvelduskontole.<br \/>\nTellimuse ja makse k\u00e4ttesaamise kohta saadab M\u00fc\u00fcja Ostjale e-kirjaga kinnituse. Kui tellitud kaupa ei ole vo\u0303imalik tarnida seoses Kauba lo\u0303ppemisega vo\u0303i muul po\u0303hjusel, teavitatakse sellest Ostjat esimesel vo\u0303imalusel ning tasutud summa tagastatakse viivitamata, kuid mitte hiljem kui 14 p\u00e4eva jooksul teate saatmisest.<br \/>\nMinimaalne Tellimuse maht on 1 tonn.<br \/>\nKui m\u00fc\u00fcgiarve summa on v\u00e4iksem kui 12,40 eurot, lisandub arvele Tellimuse k\u00e4sitlemise tasu 6,20 eurot (hinnad sisaldavad k\u00e4ibemaksu).<\/li>\n<li><strong>Kauba \u00fcleandmine<\/strong><br \/>\nE-poest tellitud kaupu on v\u00f5imalik k\u00e4tte saada M\u00fc\u00fcja Karj\u00e4\u00e4ridest, millise peab Ostja m\u00e4\u00e4rama Tellimuse vormistamisel.<br \/>\nKaup on v\u00e4ljastamiseks valmis hiljemalt 5 t\u00f6\u00f6p\u00e4eva jooksul Lepingu j\u00f5ustumisest.<br \/>\nKaup v\u00e4ljastatakse Karj\u00e4\u00e4ris Ostja poolt m\u00e4\u00e4ratud veovahendi registreerimisnumbri ja E-poe Tellimuse numbri alusel.<br \/>\nKauba k\u00e4ttesaamiseks peab Ostja esitama Tellimuses korrektse veovahendi registreerimisnumbri, vajadusel teavitama M\u00fc\u00fcjat veovahendi muutumisest hiljemalt 1 t\u00f6\u00f6p\u00e4ev enne Kauba j\u00e4rele saabumist.<br \/>\nOstja peab tellitud Kaubale valitud Karj\u00e4\u00e4ri j\u00e4rele tulema 7 t\u00f6\u00f6p\u00e4eva jooksul alates Tellimuse kinnitamisest M\u00fc\u00fcja poolt. Kui Ostja ei ole nimetatud perioodil Kaubale j\u00e4rele tulnud, loetakse leping Ostja poolt \u00fcles \u00f6elduks. Sellisel juhul t\u00fchistab M\u00fc\u00fcja Tellimuse ning tagastab Tellimuse eest tasutud raha Ostjale hiljemalt 14 p\u00e4eva jooksul alates tellimuse t\u00fchistamisest.<br \/>\nKauba hind sisaldab Kauba laadimist laaduriga Ostja m\u00e4\u00e4ratud veovahendile j\u00e4rgnevatel tingimustel:<br \/>\n\u2022 Minimaalne laaduriga k\u00e4ideldava Kauba kogus on 1 tonn;<br \/>\n\u2022 Kerghaagistele laadimine laaduriga toimub Ostja vastutusel;<br \/>\n\u2022 Kaetud veovahendeid laaduriga ei teenindata.<br \/>\nKaup tarnitakse Ostjale Tellimuses v\u00f5i Lepingus ette n\u00e4htud koguses, lubatud laadimise ebat\u00e4psus on +\/- 5%.<br \/>\nKauba v\u00e4ljastamisel kaalub M\u00fc\u00fcja \u00fcleantava Kauba laaduri taadeldud kaaluseadmega.<br \/>\nSamaaegselt Kauba laadimisega vormistab M\u00fc\u00fcja e-veoselehe ja edastab selle Ostja e-posti aadressile, millega loetakse Kaup Ostjale \u00fcleantuks.<br \/>\nKauba \u00fcleandmisega, l\u00e4heb Ostjale \u00fcle Kauba omandi\u00f5igus koos Kauba juhusliku h\u00e4vimise ja kahjustamise riisikoga<\/li>\n<li><strong>Kauba v\u00e4ljastamise tingimused ja kord<\/strong><br \/>\nKaupa v\u00e4ljastatakse ainult Karj\u00e4\u00e4ri t\u00f6\u00f6ajal. Karj\u00e4\u00e4ri t\u00f6\u00f6ajad on leitavad M\u00fc\u00fcja kodulehel <a href=\"https:\/\/www.eestikillustik.ee\/karjaarid\/\" target=\"_blank\" rel=\"noopener\">https:\/\/www.eestikillustik.ee\/karjaarid\/<\/a><br \/>\nKarj\u00e4\u00e4r on k\u00f5rgendatud ohutasemega ala, mist\u00f5ttu tuleb Ostjal ohutuse tagamiseks j\u00e4rgida k\u00f5iki ohutusalaseid juhiseid Karj\u00e4\u00e4ris. J\u00e4rgnevalt olulisemad ohutusalased n\u00f5uded Karj\u00e4\u00e4ris:<br \/>\n\u2022 Karj\u00e4\u00e4ri v\u00f5ib siseneda ainult Tellimuses m\u00e4rgitud veovahendiga;<br \/>\n\u2022 Karj\u00e4\u00e4ripersonaliga koosk\u00f5lastamata, on Karj\u00e4\u00e4ri territooriumil viibimine keelatud. Kontaktandmed Tellimuse v\u00e4ljastamise koosk\u00f5lastamiseks on leitavad vastava Karj\u00e4\u00e4ri sisses\u00f5idul oleval infotahvlil;<br \/>\n\u2022 S\u00f5idukist v\u00e4ljumine Karj\u00e4\u00e4ri territooriumil on keelatud v.a. koormakatte eemaldamiseks ja paigaldamiseks;<br \/>\n\u2022 S\u00f5idukist v\u00e4ljumise korral on keelatud eemalduda s\u00f5idukist kaugemale kui 10 m;<br \/>\n\u2022 S\u00f5idukist v\u00e4ljumine Karj\u00e4\u00e4ris toimub Ostja omal vastutusel;<br \/>\n\u2022 S\u00f5idukist v\u00e4ljumisel on kohustuslik kanda helkurvesti;<br \/>\n\u2022 L\u00e4henemine liikuvatele Karj\u00e4\u00e4riseadmetele on keelatud;<br \/>\n\u2022 Karj\u00e4\u00e4ris liikudes tuleb hoolikalt j\u00e4lgida liiklust reguleerivat m\u00e4rgistust. Reguleerimata ristumistel on alati ees\u00f5igus Karj\u00e4\u00e4riseadmel;<br \/>\n\u2022 Karj\u00e4\u00e4ris on Ostjal lubatud liikuda ainult materjalide laadimiseks etten\u00e4htud ladude tsoonis vastavalt Karj\u00e4\u00e4ripersonali antud juhistele ja reguleeritud m\u00e4rgistusele.<\/li>\n<li><strong>Taganemiso\u0303igus<\/strong><br \/>\nOstjal on o\u0303igus E-poes so\u0303lmitud Lepingust taganeda 14 p\u00e4eva jooksul peale Kauba \u00fcleandmist, esitades sellekohane avaldus M\u00fc\u00fcja e-posti aadressile <a href=\"mailto:info@eestikillustik.ee\">info@eestikillustik.ee<\/a>.<br \/>\nTaganemise avalduses peab olema m\u00e4rgitud j\u00e4rgnev info:<br \/>\n\u2022 Tellimuse v\u00f5i arve number;<br \/>\n\u2022 Kauba k\u00e4ttesaamise kuup\u00e4ev ja Karj\u00e4\u00e4r;<br \/>\n\u2022 Ostja nimi;<br \/>\n\u2022 Tagastatava Kauba t\u00e4pne nimetus ja kogus:<br \/>\n\u2022 Tagastamise p\u00f5hjus;<br \/>\nKauba tagastamisega seotud kulud kannab Ostja.<br \/>\nOstjal ei ole \u00f5igus tagastada kaupu, mis oma olemuse t\u00f5ttu segatakse v\u00f5i \u00fchendatakse p\u00e4rast \u00fcleandmist muu asjaga selliselt, et neid ei saa enam teineteisest eraldada ja\/v\u00f5i Kaup on saastunud k\u00f5rvaliste materjalidega.<br \/>\nKaup tuleb tagastada samasse Karj\u00e4\u00e4ri, kust kaup telliti ja k\u00e4tte saadi. Kauba tagastamisel kontrollib M\u00fc\u00fcja esindaja tagastatava Kauba vastavust v\u00e4ljastatule ning koostab Kauba vastuv\u00f5tu akti.<br \/>\nM\u00fc\u00fcja tagastab tagastatud Kauba k\u00e4ttesaamisel Ostjale ko\u0303ik Ostjalt Lepingu alusel saadud tasud hiljemalt 14 p\u00e4eva jooksul alates Kauba tagastamisest.<br \/>\nM\u00fc\u00fcja j\u00e4tab endale \u00f5iguse keelduda tagasimakse tegemisest seni, kuni Lepingu esemeks olev kaup on tagastatud.<\/li>\n<li><strong>Kauba kvaliteet ja pretensioonide esitamine<\/strong><br \/>\nOstja on kohustatud kontrollima Kauba kvaliteedi vastavust Tellimusele Kauba \u00fcleandmise hetkel.<br \/>\nOstjal on \u00f5igus \u00fcleantava Kauba kvaliteedi mittevastavuse kahtluse korral n\u00f5uda M\u00fc\u00fcjalt materjali asendamist Karj\u00e4\u00e4ris n\u00f5uetele vastava ja puudusteta Kauba vastu v\u00f5i taganeda Lepingust, kui M\u00fc\u00fcja ei ole v\u00f5imeline Tellimusele vastavat Kaupa tagama.<br \/>\nVastuv\u00f5etud Kauba kvaliteedi mittevastavuse kahtluse korral on Ostjal \u00f5igus esitada M\u00fc\u00fcjale kirjalikus vormis pretensioon hiljemalt 14 p\u00e4eva jooksul eeldusel, et Kaup on hoitud eraldatuna muudest asjadest ja kaupa ei ole tihendatud ega muul viisil t\u00f6\u00f6deldud.<br \/>\nPretensiooni hilinenult v\u00f5i muus vormis esitamisel v\u00f5i Kauba eraldatuse n\u00f5ude rikkumisel ei ole Ostjal \u00f5igust Kauba mittevastavusele tugineda. Ostja peab tagama Kauba, mille kohta on esitatud pretensioon, eraldatuse kuni Kauba kvaliteedi \u00fcle toimuva vaidluse l\u00f5pliku lahendamiseni.<br \/>\nM\u00fc\u00fcja vastab Ostja esitatud pretensioonile kirjalikku taasesitamist v\u00f5imaldavas vormis 14 p\u00e4eva jooksul.<br \/>\nM\u00fc\u00fcja ei vastuta puuduste eest, mis on tekkinud p\u00e4rast Kauba \u00fcleandmist Ostjale.<br \/>\nM\u00fc\u00fcja ei vastuta Tellimuse t\u00e4itmisel Ostja poolt esitatud ebakorrektsetest andmetest tekkiva kahju v\u00f5i mis tahes muude tagaj\u00e4rgede eest, mida M\u00fc\u00fcjal ei olnud v\u00f5imalik m\u00f5jutada.<br \/>\nM\u00fc\u00fcja ei vastuta tellitud Kauba mittesihip\u00e4rasest kasutamisest tekkinud kahjude eest.<br \/>\nPretensiooni esitamise \u00f5igus kohaldub Kauba m\u00fc\u00fcgi korral tarbijaks olevale Ostjale. Juriidilisest isikust Ostja puhul kohalduvad v\u00f5la\u00f5igusseaduses s\u00e4testatud tingimused.<\/li>\n<li><strong>Otseturustus ja isikuandmete to\u0308o\u0308tlemine<\/strong><br \/>\nM\u00fc\u00fcja kasutab Ostja poolt sisestatud isikuandmeid ainult Tellimuse to\u0308o\u0308tlemiseks ning Kauba Ostjale v\u00e4ljastamiseks.<\/li>\n<li><strong>Vaidluste lahendamine<\/strong><br \/>\nKui Ostjal on E-poe osas pretensioone, tuleb need saata e-kirja aadressile <a href=\"mailto:info@eestikillustik.ee\">info@eestikillustik.ee<\/a> vo\u0303i helistada telefonil: +372 6 448 800<br \/>\nKui Ostja ja M\u00fc\u00fcja ei suuda vaidlust lahendada kokkuleppel, siis on Ostjal vo\u0303imalik kohtuv\u00e4lise lahenduse saavutamiseks po\u0308o\u0308rduda tarbijavaidluste komisjoni poole (tarbijavaidluste komisjoni kontaktandmed ja kaebuste menetlemise tingimused on k\u00e4ttesaadavad: <a href=\"http:\/\/tarbijakaitseamet.ee\/et\/tarbijavaidluste-komisjon\" target=\"_blank\" rel=\"noopener\">http:\/\/tarbijakaitseamet.ee\/et\/tarbijavaidluste-komisjon<\/a>) v\u00f5i kohtusse. Tarbijavaidluste komisjoni p\u00e4devuses on lahendada tarbijate ja M\u00fc\u00fcjate vahel so\u0303lmitud Lepingust tulenevaid vaidlusi. Tarbija kaebuse l\u00e4bivaatamine komisjonis on tasuta. Ostja vo\u0303ib tekkinud kaebuse lahendamiseks esitada avalduse Euroopa Liidu elektroonilise keskkonna ODR-platvormil (Online Dispute Resolution ehk E-p\u00f5hine vaidluste lahendamine) aadressil <a href=\"http:\/\/ec.europa.eu\/odr\" target=\"_blank\" rel=\"noopener\">http:\/\/ec.europa.eu\/odr<\/a>.<\/li>\n<\/ol>\n<p>[\/vc_column_text][\/vc_column][\/vc_row]<\/p>\n<\/div>","protected":false},"excerpt":{"rendered":"<p>[vc_row full_width=&#8221;stretch_row&#8221; css=&#8221;.vc_custom_1581364352640{padding-top: 50px !important;padding-bottom: 20px !important;background-color: #303152 !important;}&#8221;][vc_column][\/vc_column][\/vc_row][vc_row css=&#8221;.vc_custom_1584984353297{padding-top: 70px !important;padding-bottom: 70px !important;}&#8221;][vc_column css=&#8221;.vc_custom_1584984360051{margin-bottom: 0px !important;}&#8221;][vc_column_text css=&#8221;.vc_custom_1751956279950{margin-bottom: 0px !important;}&#8221;] M\u00f5isted M\u00fc\u00fcja &#8211; Forek O\u00dc (registrikood 14270074), asukohaga P\u00e4rnu mnt 158\/1, 11318 Tallinn. tel +372 6 448 800, e-posti aadress info@eestikillustik.ee. Ostja \u2013 Juriidiline isik v\u00f5i v\u00e4hemalt 18 aastane f\u00fc\u00fcsiline isik, kes on enne ostu-m\u00fc\u00fcgitehingu&hellip;<\/p>\n","protected":false},"author":1,"featured_media":0,"parent":0,"menu_order":99,"comment_status":"closed","ping_status":"closed","template":"","meta":{"_acf_changed":false,"footnotes":""},"class_list":["post-24","page","type-page","status-publish","hentry","description-off"],"acf":[],"yoast_head":"<!-- This site is optimized with the Yoast SEO plugin v27.1.1 - https:\/\/yoast.com\/product\/yoast-seo-wordpress\/ -->\n<title>M\u00fc\u00fcgitingimused - Forek O\u00dc karj\u00e4\u00e4rid<\/title>\n<meta name=\"robots\" content=\"index, follow, max-snippet:-1, max-image-preview:large, max-video-preview:-1\" \/>\n<link rel=\"canonical\" href=\"https:\/\/www.eestikillustik.ee\/forek\/muugitingimused\/\" \/>\n<meta property=\"og:locale\" content=\"et_EE\" \/>\n<meta property=\"og:type\" content=\"article\" \/>\n<meta property=\"og:title\" content=\"M\u00fc\u00fcgitingimused - Forek O\u00dc karj\u00e4\u00e4rid\" \/>\n<meta property=\"og:description\" content=\"[vc_row full_width=&#8221;stretch_row&#8221; css=&#8221;.vc_custom_1581364352640{padding-top: 50px !important;padding-bottom: 20px !important;background-color: #303152 !important;}&#8221;][vc_column][\/vc_column][\/vc_row][vc_row css=&#8221;.vc_custom_1584984353297{padding-top: 70px !important;padding-bottom: 70px !important;}&#8221;][vc_column css=&#8221;.vc_custom_1584984360051{margin-bottom: 0px !important;}&#8221;][vc_column_text css=&#8221;.vc_custom_1751956279950{margin-bottom: 0px !important;}&#8221;] M\u00f5isted M\u00fc\u00fcja &#8211; Forek O\u00dc (registrikood 14270074), asukohaga P\u00e4rnu mnt 158\/1, 11318 Tallinn. tel +372 6 448 800, e-posti aadress info@eestikillustik.ee. Ostja \u2013 Juriidiline isik v\u00f5i v\u00e4hemalt 18 aastane f\u00fc\u00fcsiline isik, kes on enne ostu-m\u00fc\u00fcgitehingu&hellip;\" \/>\n<meta property=\"og:url\" content=\"https:\/\/www.eestikillustik.ee\/forek\/muugitingimused\/\" \/>\n<meta property=\"og:site_name\" content=\"Forek O\u00dc karj\u00e4\u00e4rid\" \/>\n<meta property=\"article:modified_time\" content=\"2025-07-08T06:31:21+00:00\" \/>\n<meta name=\"twitter:card\" content=\"summary_large_image\" \/>\n<meta name=\"twitter:label1\" content=\"Est. reading time\" \/>\n\t<meta name=\"twitter:data1\" content=\"6 minutit\" \/>\n<script type=\"application\/ld+json\" class=\"yoast-schema-graph\">{\"@context\":\"https:\/\/schema.org\",\"@graph\":[{\"@type\":\"WebPage\",\"@id\":\"https:\/\/www.eestikillustik.ee\/forek\/muugitingimused\/\",\"url\":\"https:\/\/www.eestikillustik.ee\/forek\/muugitingimused\/\",\"name\":\"M\u00fc\u00fcgitingimused - Forek O\u00dc karj\u00e4\u00e4rid\",\"isPartOf\":{\"@id\":\"https:\/\/www.eestikillustik.ee\/forek\/#website\"},\"datePublished\":\"2024-09-25T10:03:30+00:00\",\"dateModified\":\"2025-07-08T06:31:21+00:00\",\"breadcrumb\":{\"@id\":\"https:\/\/www.eestikillustik.ee\/forek\/muugitingimused\/#breadcrumb\"},\"inLanguage\":\"et\",\"potentialAction\":[{\"@type\":\"ReadAction\",\"target\":[\"https:\/\/www.eestikillustik.ee\/forek\/muugitingimused\/\"]}]},{\"@type\":\"BreadcrumbList\",\"@id\":\"https:\/\/www.eestikillustik.ee\/forek\/muugitingimused\/#breadcrumb\",\"itemListElement\":[{\"@type\":\"ListItem\",\"position\":1,\"name\":\"Home\",\"item\":\"https:\/\/www.eestikillustik.ee\/forek\/\"},{\"@type\":\"ListItem\",\"position\":2,\"name\":\"M\u00fc\u00fcgitingimused\"}]},{\"@type\":\"WebSite\",\"@id\":\"https:\/\/www.eestikillustik.ee\/forek\/#website\",\"url\":\"https:\/\/www.eestikillustik.ee\/forek\/\",\"name\":\"Forek O\u00dc karj\u00e4\u00e4rid\",\"description\":\"\",\"publisher\":{\"@id\":\"https:\/\/www.eestikillustik.ee\/forek\/#organization\"},\"potentialAction\":[{\"@type\":\"SearchAction\",\"target\":{\"@type\":\"EntryPoint\",\"urlTemplate\":\"https:\/\/www.eestikillustik.ee\/forek\/?s={search_term_string}\"},\"query-input\":{\"@type\":\"PropertyValueSpecification\",\"valueRequired\":true,\"valueName\":\"search_term_string\"}}],\"inLanguage\":\"et\"},{\"@type\":\"Organization\",\"@id\":\"https:\/\/www.eestikillustik.ee\/forek\/#organization\",\"name\":\"Forek O\u00dc karj\u00e4\u00e4rid\",\"url\":\"https:\/\/www.eestikillustik.ee\/forek\/\",\"logo\":{\"@type\":\"ImageObject\",\"inLanguage\":\"et\",\"@id\":\"https:\/\/www.eestikillustik.ee\/forek\/#\/schema\/logo\/image\/\",\"url\":\"https:\/\/www.eestikillustik.ee\/forek\/wp-content\/uploads\/sites\/3\/2024\/09\/ek-logo.png\",\"contentUrl\":\"https:\/\/www.eestikillustik.ee\/forek\/wp-content\/uploads\/sites\/3\/2024\/09\/ek-logo.png\",\"width\":200,\"height\":80,\"caption\":\"Forek O\u00dc karj\u00e4\u00e4rid\"},\"image\":{\"@id\":\"https:\/\/www.eestikillustik.ee\/forek\/#\/schema\/logo\/image\/\"}}]}<\/script>\n<!-- \/ Yoast SEO plugin. -->","yoast_head_json":{"title":"M\u00fc\u00fcgitingimused - Forek O\u00dc karj\u00e4\u00e4rid","robots":{"index":"index","follow":"follow","max-snippet":"max-snippet:-1","max-image-preview":"max-image-preview:large","max-video-preview":"max-video-preview:-1"},"canonical":"https:\/\/www.eestikillustik.ee\/forek\/muugitingimused\/","og_locale":"et_EE","og_type":"article","og_title":"M\u00fc\u00fcgitingimused - Forek O\u00dc karj\u00e4\u00e4rid","og_description":"[vc_row full_width=&#8221;stretch_row&#8221; css=&#8221;.vc_custom_1581364352640{padding-top: 50px !important;padding-bottom: 20px !important;background-color: #303152 !important;}&#8221;][vc_column][\/vc_column][\/vc_row][vc_row css=&#8221;.vc_custom_1584984353297{padding-top: 70px !important;padding-bottom: 70px !important;}&#8221;][vc_column css=&#8221;.vc_custom_1584984360051{margin-bottom: 0px !important;}&#8221;][vc_column_text css=&#8221;.vc_custom_1751956279950{margin-bottom: 0px !important;}&#8221;] M\u00f5isted M\u00fc\u00fcja &#8211; Forek O\u00dc (registrikood 14270074), asukohaga P\u00e4rnu mnt 158\/1, 11318 Tallinn. tel +372 6 448 800, e-posti aadress info@eestikillustik.ee. Ostja \u2013 Juriidiline isik v\u00f5i v\u00e4hemalt 18 aastane f\u00fc\u00fcsiline isik, kes on enne ostu-m\u00fc\u00fcgitehingu&hellip;","og_url":"https:\/\/www.eestikillustik.ee\/forek\/muugitingimused\/","og_site_name":"Forek O\u00dc karj\u00e4\u00e4rid","article_modified_time":"2025-07-08T06:31:21+00:00","twitter_card":"summary_large_image","twitter_misc":{"Est. reading time":"6 minutit"},"schema":{"@context":"https:\/\/schema.org","@graph":[{"@type":"WebPage","@id":"https:\/\/www.eestikillustik.ee\/forek\/muugitingimused\/","url":"https:\/\/www.eestikillustik.ee\/forek\/muugitingimused\/","name":"M\u00fc\u00fcgitingimused - Forek O\u00dc karj\u00e4\u00e4rid","isPartOf":{"@id":"https:\/\/www.eestikillustik.ee\/forek\/#website"},"datePublished":"2024-09-25T10:03:30+00:00","dateModified":"2025-07-08T06:31:21+00:00","breadcrumb":{"@id":"https:\/\/www.eestikillustik.ee\/forek\/muugitingimused\/#breadcrumb"},"inLanguage":"et","potentialAction":[{"@type":"ReadAction","target":["https:\/\/www.eestikillustik.ee\/forek\/muugitingimused\/"]}]},{"@type":"BreadcrumbList","@id":"https:\/\/www.eestikillustik.ee\/forek\/muugitingimused\/#breadcrumb","itemListElement":[{"@type":"ListItem","position":1,"name":"Home","item":"https:\/\/www.eestikillustik.ee\/forek\/"},{"@type":"ListItem","position":2,"name":"M\u00fc\u00fcgitingimused"}]},{"@type":"WebSite","@id":"https:\/\/www.eestikillustik.ee\/forek\/#website","url":"https:\/\/www.eestikillustik.ee\/forek\/","name":"Forek O\u00dc karj\u00e4\u00e4rid","description":"","publisher":{"@id":"https:\/\/www.eestikillustik.ee\/forek\/#organization"},"potentialAction":[{"@type":"SearchAction","target":{"@type":"EntryPoint","urlTemplate":"https:\/\/www.eestikillustik.ee\/forek\/?s={search_term_string}"},"query-input":{"@type":"PropertyValueSpecification","valueRequired":true,"valueName":"search_term_string"}}],"inLanguage":"et"},{"@type":"Organization","@id":"https:\/\/www.eestikillustik.ee\/forek\/#organization","name":"Forek O\u00dc karj\u00e4\u00e4rid","url":"https:\/\/www.eestikillustik.ee\/forek\/","logo":{"@type":"ImageObject","inLanguage":"et","@id":"https:\/\/www.eestikillustik.ee\/forek\/#\/schema\/logo\/image\/","url":"https:\/\/www.eestikillustik.ee\/forek\/wp-content\/uploads\/sites\/3\/2024\/09\/ek-logo.png","contentUrl":"https:\/\/www.eestikillustik.ee\/forek\/wp-content\/uploads\/sites\/3\/2024\/09\/ek-logo.png","width":200,"height":80,"caption":"Forek O\u00dc karj\u00e4\u00e4rid"},"image":{"@id":"https:\/\/www.eestikillustik.ee\/forek\/#\/schema\/logo\/image\/"}}]}},"_links":{"self":[{"href":"https:\/\/www.eestikillustik.ee\/forek\/wp-json\/wp\/v2\/pages\/24","targetHints":{"allow":["GET"]}}],"collection":[{"href":"https:\/\/www.eestikillustik.ee\/forek\/wp-json\/wp\/v2\/pages"}],"about":[{"href":"https:\/\/www.eestikillustik.ee\/forek\/wp-json\/wp\/v2\/types\/page"}],"author":[{"embeddable":true,"href":"https:\/\/www.eestikillustik.ee\/forek\/wp-json\/wp\/v2\/users\/1"}],"replies":[{"embeddable":true,"href":"https:\/\/www.eestikillustik.ee\/forek\/wp-json\/wp\/v2\/comments?post=24"}],"version-history":[{"count":4,"href":"https:\/\/www.eestikillustik.ee\/forek\/wp-json\/wp\/v2\/pages\/24\/revisions"}],"predecessor-version":[{"id":212,"href":"https:\/\/www.eestikillustik.ee\/forek\/wp-json\/wp\/v2\/pages\/24\/revisions\/212"}],"wp:attachment":[{"href":"https:\/\/www.eestikillustik.ee\/forek\/wp-json\/wp\/v2\/media?parent=24"}],"curies":[{"name":"wp","href":"https:\/\/api.w.org\/{rel}","templated":true}]}}